{"id":96,"date":"2025-10-10T12:28:07","date_gmt":"2025-10-10T10:28:07","guid":{"rendered":"https:\/\/lesbainsdetaccana.corsica\/?page_id=96"},"modified":"2026-02-25T16:22:40","modified_gmt":"2026-02-25T15:22:40","slug":"les-bains-de-taccana","status":"publish","type":"page","link":"https:\/\/lesbainsdetaccana.corsica\/","title":{"rendered":""},"content":{"rendered":"\n<div class=\"wp-block-group alignfull is-style-section-1 is-style-twentytwentyone-border has-global-padding is-layout-constrained wp-block-group-is-layout-constrained\" style=\"margin-top:0;margin-bottom:0;padding-top:var(--wp--preset--spacing--60);padding-bottom:var(--wp--preset--spacing--60)\">\n<div class=\"wp-block-columns alignwide is-layout-flex wp-container-core-columns-is-layout-643ced6b wp-block-columns-is-layout-flex\">\n<div class=\"wp-block-column is-layout-flow wp-block-column-is-layout-flow\" style=\"flex-basis:40%\">\n<figure class=\"wp-block-image alignleft is-style-twentytwentyone-image-frame\"><img loading=\"lazy\" decoding=\"async\" width=\"1920\" height=\"2560\" src=\"https:\/\/lesbainsdetaccana.corsica\/wp-content\/uploads\/2025\/10\/BAIN-INT-edited-1-scaled.jpg\" alt=\"\" class=\"wp-image-253\" srcset=\"https:\/\/lesbainsdetaccana.corsica\/wp-content\/uploads\/2025\/10\/BAIN-INT-edited-1-scaled.jpg 1920w, https:\/\/lesbainsdetaccana.corsica\/wp-content\/uploads\/2025\/10\/BAIN-INT-edited-1-225x300.jpg 225w, https:\/\/lesbainsdetaccana.corsica\/wp-content\/uploads\/2025\/10\/BAIN-INT-edited-1-768x1024.jpg 768w, https:\/\/lesbainsdetaccana.corsica\/wp-content\/uploads\/2025\/10\/BAIN-INT-edited-1-1152x1536.jpg 1152w, https:\/\/lesbainsdetaccana.corsica\/wp-content\/uploads\/2025\/10\/BAIN-INT-edited-1-1536x2048.jpg 1536w, https:\/\/lesbainsdetaccana.corsica\/wp-content\/uploads\/2025\/10\/BAIN-INT-edited-1-1568x2091.jpg 1568w\" sizes=\"auto, (max-width: 1920px) 100vw, 1920px\" \/><\/figure>\n\n\n\n<p><br><\/p>\n<\/div>\n\n\n\n<div class=\"wp-block-column is-vertically-aligned-center is-layout-flow wp-container-core-column-is-layout-119bc444 wp-block-column-is-layout-flow\" style=\"flex-basis:60%\">\n<h3 class=\"wp-block-heading has-text-align-center has-white-color has-text-color has-background has-link-color has-x-large-font-size wp-elements-d76ca71dbdfcd50b512171bb6753b855\" style=\"background-color:#4f8084\"><strong>Une immersion hors du temps <\/strong><\/h3>\n\n\n\n<div class=\"wp-block-group has-global-padding is-layout-constrained wp-block-group-is-layout-constrained\">\n<p class=\"has-white-color has-text-color has-background has-link-color wp-elements-c2f5c8981a0990eabc45569d29cae5bb\" style=\"background-color:#789a9cdb\">Au c\u0153ur de notre \u00e9tablissement jaillit une source d&rsquo;eau thermale exceptionnelle.<\/p>\n\n\n\n<p class=\"has-white-color has-text-color has-background has-link-color wp-elements-6d4c5b767f7726c92348d525ca90ff12\" style=\"background-color:#789a9cdb\"> D\u00e9couverte par les Romains puis fa\u00e7onn\u00e9e par les G\u00e9nois au 15eme si\u00e8cle, cette source d&rsquo;eau pr\u00e9cieuse naturellement chaude et <strong>riche en soufre, magn\u00e9sium et oligo-\u00e9l\u00e9ments<\/strong>,  offre au corps ce que la nature a de plus pur.<\/p>\n\n\n\n<p class=\"has-white-color has-text-color has-background has-link-color wp-elements-ddb307cb1c40e9e6bbeeba2857c76509\" style=\"background-color:#789a9cdb\">Elle poss\u00e8de des vertus th\u00e9rapeutiques reconnues depuis des si\u00e8cles !<\/p>\n<\/div>\n\n\n\n<figure class=\"wp-block-image aligncenter size-large is-resized is-style-twentytwentyone-image-frame\"><img loading=\"lazy\" decoding=\"async\" width=\"768\" height=\"1024\" src=\"https:\/\/lesbainsdetaccana.corsica\/wp-content\/uploads\/2025\/10\/IMG_20240816_081413-768x1024.jpg\" alt=\"\" class=\"wp-image-225\" style=\"width:539px;height:auto\" srcset=\"https:\/\/lesbainsdetaccana.corsica\/wp-content\/uploads\/2025\/10\/IMG_20240816_081413-768x1024.jpg 768w, https:\/\/lesbainsdetaccana.corsica\/wp-content\/uploads\/2025\/10\/IMG_20240816_081413-225x300.jpg 225w, https:\/\/lesbainsdetaccana.corsica\/wp-content\/uploads\/2025\/10\/IMG_20240816_081413-1152x1536.jpg 1152w, https:\/\/lesbainsdetaccana.corsica\/wp-content\/uploads\/2025\/10\/IMG_20240816_081413-1536x2048.jpg 1536w, https:\/\/lesbainsdetaccana.corsica\/wp-content\/uploads\/2025\/10\/IMG_20240816_081413-scaled.jpg 1920w\" sizes=\"auto, (max-width: 768px) 100vw, 768px\" \/><\/figure>\n\n\n\n<h3 class=\"wp-block-heading has-text-align-center has-white-color has-text-color has-background has-link-color wp-elements-e7ce723cf432cd54e22179c26a2a0501\" style=\"background-color:#4f8084\"><strong>L\u00e0 o\u00f9 la terre murmure ses bienfaits<\/strong><\/h3>\n\n\n\n<p class=\"has-white-color has-text-color has-background has-link-color wp-elements-468ae55d93242dd920948db91d585296\" style=\"background-color:#78999bb0\">Laissez-vous porter par cette eau bienfaisante o\u00f9 chaque bain devient une pause pour l&rsquo;\u00e2me, un souffle de paix vers une r\u00e9g\u00e9n\u00e9ration en douceur.<\/p>\n\n\n\n<div class=\"wp-block-group has-global-padding is-layout-constrained wp-block-group-is-layout-constrained\">\n<div class=\"wp-block-group alignwide is-content-justification-center is-nowrap is-layout-flex wp-container-core-group-is-layout-bfbbbc10 wp-block-group-is-layout-flex\"><\/div>\n<\/div>\n\n\n\n<h3 class=\"wp-block-heading has-text-align-center has-white-color has-text-color has-background has-link-color wp-elements-d4a33caeb4eb2d7fd808fcdfd6358f10\" style=\"background-color:#4f8084\"><strong>Le luxe du silence et de l&rsquo;espace.<\/strong><\/h3>\n\n\n\n<p class=\"has-white-color has-text-color has-background has-link-color wp-elements-9cf1db2133a5c3dcccea230839f53148\" style=\"background-color:#78999bb0\">Afin de pr\u00e9server la s\u00e9r\u00e9nit\u00e9 des lieux l&rsquo;acc\u00e8s aux 3 bains est volontairement limit\u00e9<\/p>\n<\/div>\n<\/div>\n<\/div>\n\n\n\n<figure class=\"wp-block-image aligncenter size-large is-resized\"><img loading=\"lazy\" decoding=\"async\" width=\"1024\" height=\"1024\" src=\"https:\/\/lesbainsdetaccana.corsica\/wp-content\/uploads\/2025\/10\/horaires-CARRE-1024x1024.png\" alt=\"\" class=\"wp-image-351\" style=\"width:500px\" srcset=\"https:\/\/lesbainsdetaccana.corsica\/wp-content\/uploads\/2025\/10\/horaires-CARRE-1024x1024.png 1024w, https:\/\/lesbainsdetaccana.corsica\/wp-content\/uploads\/2025\/10\/horaires-CARRE-300x300.png 300w, https:\/\/lesbainsdetaccana.corsica\/wp-content\/uploads\/2025\/10\/horaires-CARRE-150x150.png 150w, https:\/\/lesbainsdetaccana.corsica\/wp-content\/uploads\/2025\/10\/horaires-CARRE-768x768.png 768w, https:\/\/lesbainsdetaccana.corsica\/wp-content\/uploads\/2025\/10\/horaires-CARRE.png 1080w\" sizes=\"auto, (max-width: 1024px) 100vw, 1024px\" \/><\/figure>\n\n\n\n<p><\/p>\n","protected":false},"excerpt":{"rendered":"<p>Une immersion hors du temps Au c\u0153ur de notre \u00e9tablissement jaillit une source d&rsquo;eau thermale exceptionnelle. D\u00e9couverte par les Romains puis fa\u00e7onn\u00e9e par les G\u00e9nois au 15eme si\u00e8cle, cette source d&rsquo;eau pr\u00e9cieuse naturellement chaude et riche en soufre, magn\u00e9sium et oligo-\u00e9l\u00e9ments, offre au corps ce que la nature a de plus pur. Elle poss\u00e8de des &hellip; <\/p>\n<p class=\"link-more\"><a href=\"https:\/\/lesbainsdetaccana.corsica\/\" class=\"more-link\">Lire la suite de<span class=\"screen-reader-text\">\u00ab\u00a0\u00a0\u00bb<\/span><\/a><\/p>\n","protected":false},"author":1,"featured_media":0,"parent":0,"menu_order":1,"comment_status":"closed","ping_status":"closed","template":"","meta":{"footnotes":""},"class_list":["post-96","page","type-page","status-publish","hentry"],"_links":{"self":[{"href":"https:\/\/lesbainsdetaccana.corsica\/index.php\/wp-json\/wp\/v2\/pages\/96","targetHints":{"allow":["GET"]}}],"collection":[{"href":"https:\/\/lesbainsdetaccana.corsica\/index.php\/wp-json\/wp\/v2\/pages"}],"about":[{"href":"https:\/\/lesbainsdetaccana.corsica\/index.php\/wp-json\/wp\/v2\/types\/page"}],"author":[{"embeddable":true,"href":"https:\/\/lesbainsdetaccana.corsica\/index.php\/wp-json\/wp\/v2\/users\/1"}],"replies":[{"embeddable":true,"href":"https:\/\/lesbainsdetaccana.corsica\/index.php\/wp-json\/wp\/v2\/comments?post=96"}],"version-history":[{"count":115,"href":"https:\/\/lesbainsdetaccana.corsica\/index.php\/wp-json\/wp\/v2\/pages\/96\/revisions"}],"predecessor-version":[{"id":910,"href":"https:\/\/lesbainsdetaccana.corsica\/index.php\/wp-json\/wp\/v2\/pages\/96\/revisions\/910"}],"wp:attachment":[{"href":"https:\/\/lesbainsdetaccana.corsica\/index.php\/wp-json\/wp\/v2\/media?parent=96"}],"curies":[{"name":"wp","href":"https:\/\/api.w.org\/{rel}","templated":true}]}}