{"id":778,"date":"2025-10-22T14:50:47","date_gmt":"2025-10-22T12:50:47","guid":{"rendered":"https:\/\/lesbainsdetaccana.corsica\/?page_id=778"},"modified":"2025-11-04T09:56:31","modified_gmt":"2025-11-04T08:56:31","slug":"carte-cadeau","status":"publish","type":"page","link":"https:\/\/lesbainsdetaccana.corsica\/index.php\/carte-cadeau\/","title":{"rendered":"Carte cadeau"},"content":{"rendered":"\n<div class=\"wp-block-media-text is-stacked-on-mobile has-background\" style=\"background-color:#e0a8a8d6\"><figure class=\"wp-block-media-text__media\"><img loading=\"lazy\" decoding=\"async\" width=\"1024\" height=\"726\" src=\"https:\/\/lesbainsdetaccana.corsica\/wp-content\/uploads\/2025\/10\/CARTE-CADEAU-1024x726.png\" alt=\"\" class=\"wp-image-781 size-full\" srcset=\"https:\/\/lesbainsdetaccana.corsica\/wp-content\/uploads\/2025\/10\/CARTE-CADEAU-1024x726.png 1024w, https:\/\/lesbainsdetaccana.corsica\/wp-content\/uploads\/2025\/10\/CARTE-CADEAU-300x213.png 300w, https:\/\/lesbainsdetaccana.corsica\/wp-content\/uploads\/2025\/10\/CARTE-CADEAU.png 1748w\" sizes=\"auto, (max-width: 1024px) 100vw, 1024px\" \/><\/figure><div class=\"wp-block-media-text__content\">\n<p class=\"has-text-align-center has-white-color has-text-color has-link-color wp-elements-48461f4d59da3b557d111c1eb83bac18\" style=\"font-size:clamp(16.834px, 1.052rem + ((1vw - 3.2px) * 0.811), 26px);\">Vous souhaitez offrir une carte cadeau ?<\/p>\n\n\n\n<p class=\"has-white-color has-text-color has-link-color wp-elements-dfaaf70586b46fab86247b0ca4c90f4d\">Nous pouvons bien s\u00fbr vous les donner en mains propres si vous passez nous voir,<\/p>\n\n\n\n<p class=\"has-white-color has-text-color has-link-color wp-elements-37772f606e3891ece6f457127e2775a6\">Ou nous pouvons l&rsquo;envoyer par mail apr\u00e8s r\u00e9ception du r\u00e8glement par ch\u00e8que , il ne vous restera plus qu&rsquo;\u00e0 l&rsquo;imprimer<\/p>\n\n\n\n<p class=\"has-white-color has-text-color has-link-color wp-elements-bc1ebe6826e27be04ea4b966d2528ce6\"><strong>Rien de plus simple :<\/strong> Utilisez le formulaire de contact pour nous donner vos coordonn\u00e9es et n&rsquo;oubliez pas d&rsquo;indiquer<strong> <\/strong><\/p>\n\n\n\n<p class=\"has-white-color has-text-color has-link-color wp-elements-c71529bb5bcd3c8051a735a728cc333c\"><strong><mark style=\"background-color:#eeaa94\" class=\"has-inline-color has-white-color\">la formule choisie (ou le montant du bon \u00e0 valoir) + votre nom + le nom de la personne \u00e0 qui adresser la carte<\/mark><\/strong><\/p>\n\n\n\n<p><\/p>\n<\/div><\/div>\n\n\n\n<div class=\"wp-block-cover\"><img loading=\"lazy\" decoding=\"async\" width=\"1024\" height=\"726\" class=\"wp-block-cover__image-background wp-image-781\" alt=\"\" src=\"https:\/\/lesbainsdetaccana.corsica\/wp-content\/uploads\/2025\/10\/CARTE-CADEAU-1024x726.png\" style=\"object-position:50% 13%\" data-object-fit=\"cover\" data-object-position=\"50% 13%\" srcset=\"https:\/\/lesbainsdetaccana.corsica\/wp-content\/uploads\/2025\/10\/CARTE-CADEAU-1024x726.png 1024w, https:\/\/lesbainsdetaccana.corsica\/wp-content\/uploads\/2025\/10\/CARTE-CADEAU-300x213.png 300w, https:\/\/lesbainsdetaccana.corsica\/wp-content\/uploads\/2025\/10\/CARTE-CADEAU.png 1748w\" sizes=\"auto, (max-width: 1024px) 100vw, 1024px\" \/><span aria-hidden=\"true\" class=\"wp-block-cover__background has-background-dim\"><\/span><div class=\"wp-block-cover__inner-container is-layout-flow wp-block-cover-is-layout-flow\">\n<p class=\"has-text-align-left has-small-font-size\">Informations importantes : Les cartes cadeaux ont une validit\u00e9 de 3 mois et ne sont ni remboursables ni \u00e9changeables. <\/p>\n\n\n\n<p class=\"has-text-align-left has-small-font-size\">Il est toujours demand\u00e9 de t\u00e9l\u00e9phoner pour r\u00e9server et confirmer la possibilit\u00e9 de b\u00e9n\u00e9ficier de sa carte le jour souhait\u00e9. <\/p>\n\n\n\n<p class=\"has-text-align-left has-small-font-size\">Toute date de validit\u00e9 d\u00e9pass\u00e9e fera perdre le b\u00e9n\u00e9fice de sa carte. <\/p>\n\n\n\n<p><\/p>\n\n\n\n<p><\/p>\n<\/div><\/div>\n\n\n\n<div class=\"wp-block-contact-form-7-contact-form-selector\">\n<div class=\"wpcf7 no-js\" id=\"wpcf7-f588-o1\" lang=\"fr-FR\" dir=\"ltr\" data-wpcf7-id=\"588\">\n<div class=\"screen-reader-response\"><p role=\"status\" aria-live=\"polite\" aria-atomic=\"true\"><\/p> <ul><\/ul><\/div>\n<form action=\"\/index.php\/wp-json\/wp\/v2\/pages\/778#wpcf7-f588-o1\" method=\"post\" class=\"wpcf7-form init\" aria-label=\"Formulaire de contact\" novalidate=\"novalidate\" data-status=\"init\">\n<fieldset class=\"hidden-fields-container\"><input type=\"hidden\" name=\"_wpcf7\" value=\"588\" \/><input type=\"hidden\" name=\"_wpcf7_version\" value=\"6.1.2\" \/><input type=\"hidden\" name=\"_wpcf7_locale\" value=\"fr_FR\" \/><input type=\"hidden\" name=\"_wpcf7_unit_tag\" value=\"wpcf7-f588-o1\" \/><input type=\"hidden\" name=\"_wpcf7_container_post\" value=\"0\" \/><input type=\"hidden\" name=\"_wpcf7_posted_data_hash\" value=\"\" \/><input type=\"hidden\" name=\"_wpcf7_recaptcha_response\" value=\"\" \/>\n<\/fieldset>\n<p><label> Votre nom<br \/>\n<span class=\"wpcf7-form-control-wrap\" data-name=\"your-name\"><input size=\"40\" maxlength=\"400\" class=\"wpcf7-form-control wpcf7-text wpcf7-validates-as-required\" autocomplete=\"name\" aria-required=\"true\" aria-invalid=\"false\" value=\"\" type=\"text\" name=\"your-name\" \/><\/span> <\/label>\n<\/p>\n<p><label> Votre e-mail<br \/>\n<span class=\"wpcf7-form-control-wrap\" data-name=\"your-email\"><input size=\"40\" maxlength=\"400\" class=\"wpcf7-form-control wpcf7-email wpcf7-validates-as-required wpcf7-text wpcf7-validates-as-email\" autocomplete=\"email\" aria-required=\"true\" aria-invalid=\"false\" value=\"\" type=\"email\" name=\"your-email\" \/><\/span> <\/label>\n<\/p>\n<p><label> Votre t\u00e9l\u00e9phone<br \/>\n<span class=\"wpcf7-form-control-wrap\" data-name=\"your-subject\"><input size=\"40\" maxlength=\"400\" class=\"wpcf7-form-control wpcf7-text wpcf7-validates-as-required\" aria-required=\"true\" aria-invalid=\"false\" value=\"\" type=\"text\" name=\"your-subject\" \/><\/span> <\/label>\n<\/p>\n<p><label> Votre message (Pour les cartes cadeau merci de pr\u00e9ciser la formule choisie ou le montant du bon \u00e0 valoir, le nom de la personne qui recevra la carte, et si vous souhaitez faire apparaitre un texte de votre part)<br \/>\n<span class=\"wpcf7-form-control-wrap\" data-name=\"your-message\"><textarea cols=\"40\" rows=\"10\" maxlength=\"2000\" class=\"wpcf7-form-control wpcf7-textarea\" aria-invalid=\"false\" name=\"your-message\"><\/textarea><\/span> <\/label>\n<\/p>\n<p><input class=\"wpcf7-form-control wpcf7-submit has-spinner\" type=\"submit\" value=\"Envoyer\" \/>\n<\/p><div class=\"wpcf7-response-output\" aria-hidden=\"true\"><\/div>\n<\/form>\n<\/div>\n<\/div>\n\n\n\n<p><\/p>\n","protected":false},"excerpt":{"rendered":"<p>Vous souhaitez offrir une carte cadeau ? Nous pouvons bien s\u00fbr vous les donner en mains propres si vous passez nous voir, Ou nous pouvons l&rsquo;envoyer par mail apr\u00e8s r\u00e9ception du r\u00e8glement par ch\u00e8que , il ne vous restera plus qu&rsquo;\u00e0 l&rsquo;imprimer Rien de plus simple : Utilisez le formulaire de contact pour nous donner &hellip; <\/p>\n<p class=\"link-more\"><a href=\"https:\/\/lesbainsdetaccana.corsica\/index.php\/carte-cadeau\/\" class=\"more-link\">Lire la suite de<span class=\"screen-reader-text\">\u00ab\u00a0Carte cadeau\u00a0\u00bb<\/span><\/a><\/p>\n","protected":false},"author":1,"featured_media":0,"parent":0,"menu_order":0,"comment_status":"closed","ping_status":"closed","template":"","meta":{"footnotes":""},"class_list":["post-778","page","type-page","status-publish","hentry"],"_links":{"self":[{"href":"https:\/\/lesbainsdetaccana.corsica\/index.php\/wp-json\/wp\/v2\/pages\/778","targetHints":{"allow":["GET"]}}],"collection":[{"href":"https:\/\/lesbainsdetaccana.corsica\/index.php\/wp-json\/wp\/v2\/pages"}],"about":[{"href":"https:\/\/lesbainsdetaccana.corsica\/index.php\/wp-json\/wp\/v2\/types\/page"}],"author":[{"embeddable":true,"href":"https:\/\/lesbainsdetaccana.corsica\/index.php\/wp-json\/wp\/v2\/users\/1"}],"replies":[{"embeddable":true,"href":"https:\/\/lesbainsdetaccana.corsica\/index.php\/wp-json\/wp\/v2\/comments?post=778"}],"version-history":[{"count":8,"href":"https:\/\/lesbainsdetaccana.corsica\/index.php\/wp-json\/wp\/v2\/pages\/778\/revisions"}],"predecessor-version":[{"id":818,"href":"https:\/\/lesbainsdetaccana.corsica\/index.php\/wp-json\/wp\/v2\/pages\/778\/revisions\/818"}],"wp:attachment":[{"href":"https:\/\/lesbainsdetaccana.corsica\/index.php\/wp-json\/wp\/v2\/media?parent=778"}],"curies":[{"name":"wp","href":"https:\/\/api.w.org\/{rel}","templated":true}]}}