{"id":191,"date":"2025-10-10T19:10:52","date_gmt":"2025-10-10T17:10:52","guid":{"rendered":"https:\/\/lesbainsdetaccana.corsica\/?page_id=191"},"modified":"2025-10-20T20:49:48","modified_gmt":"2025-10-20T18:49:48","slug":"salle-polyvalet","status":"publish","type":"page","link":"https:\/\/lesbainsdetaccana.corsica\/index.php\/salle-polyvalet\/","title":{"rendered":"Salle Polyvalente"},"content":{"rendered":"\n<div class=\"wp-block-cover is-light\"><img loading=\"lazy\" decoding=\"async\" width=\"768\" height=\"1024\" class=\"wp-block-cover__image-background wp-image-462 size-large\" alt=\"\" src=\"https:\/\/lesbainsdetaccana.corsica\/wp-content\/uploads\/2025\/10\/IMG_20241227_161359-768x1024.jpg\" data-object-fit=\"cover\" srcset=\"https:\/\/lesbainsdetaccana.corsica\/wp-content\/uploads\/2025\/10\/IMG_20241227_161359-768x1024.jpg 768w, https:\/\/lesbainsdetaccana.corsica\/wp-content\/uploads\/2025\/10\/IMG_20241227_161359-225x300.jpg 225w, https:\/\/lesbainsdetaccana.corsica\/wp-content\/uploads\/2025\/10\/IMG_20241227_161359-1152x1536.jpg 1152w, https:\/\/lesbainsdetaccana.corsica\/wp-content\/uploads\/2025\/10\/IMG_20241227_161359-1536x2048.jpg 1536w, https:\/\/lesbainsdetaccana.corsica\/wp-content\/uploads\/2025\/10\/IMG_20241227_161359-1568x2091.jpg 1568w, https:\/\/lesbainsdetaccana.corsica\/wp-content\/uploads\/2025\/10\/IMG_20241227_161359-scaled.jpg 1920w\" sizes=\"auto, (max-width: 768px) 100vw, 768px\" \/><span aria-hidden=\"true\" class=\"wp-block-cover__background has-background-dim\" style=\"background-color:#958068\"><\/span><div class=\"wp-block-cover__inner-container has-global-padding is-layout-constrained wp-block-cover-is-layout-constrained\">\n<p class=\"has-text-align-center has-white-color has-text-color has-link-color has-large-font-size wp-elements-8fdd6ecc65cdb0b015d894158ef34e14\">\u2728 Louez notre salle bien-\u00eatre au bord de l\u2019eau \u2728<\/p>\n\n\n\n<p class=\"has-white-color has-text-color has-link-color wp-elements-aeac2a490dd921645ea444369102fb3c\">Vous cherchez un espace apaisant pour vos s\u00e9ances de yoga, sophrologie ou m\u00e9ditation ? Notre salle de 50m\u00b2, situ\u00e9e en bord de rivi\u00e8re, offre un cadre ressour\u00e7ant pour vos pratiques et vos \u00e9l\u00e8ves.<\/p>\n\n\n\n<p class=\"has-white-color has-text-color has-link-color wp-elements-b26ec13e0c0579f5891c1b8df2718992\">\ud83c\udf8b Atmosph\u00e8re calme et inspirante<br>\ud83d\udc86\u200d\u2640\ufe0f Acc\u00e8s privil\u00e9gi\u00e9 au spa thermal \u00e0 tarif pr\u00e9f\u00e9rentiel<br>\ud83c\udf3f Id\u00e9al pour petits groupes et ateliers bien-\u00eatre<\/p>\n\n\n\n<p class=\"has-white-color has-text-color has-link-color wp-elements-26e9658bebfb69ff0f4d8df50793de98\">Collation d&rsquo;accueil en option. Location \u00e0 l&rsquo;heure, la demi journ\u00e9e ou la journ\u00e9e<\/p>\n\n\n\n<p class=\"has-white-color has-text-color has-link-color wp-elements-3828ef5514c95d6b39f6e5c14d1d1282\">Possibilit\u00e9 de prolonger vos s\u00e9ances dans notre spa, int\u00e9rieur ou ext\u00e9rieur avec salle de sport<\/p>\n\n\n\n<p class=\"has-text-align-center has-white-color has-text-color has-link-color wp-elements-7d799be682711b5e6061bcc86bf9ad20\">\u2728Offrez une exp\u00e9rience unique \u00e0 vos participants ! \u2728<\/p>\n<\/div><\/div>\n\n\n\n<div class=\"wp-block-group has-global-padding is-layout-constrained wp-block-group-is-layout-constrained\">\n<figure class=\"wp-block-gallery has-nested-images columns-default is-cropped wp-block-gallery-1 is-layout-flex wp-block-gallery-is-layout-flex\">\n<figure class=\"wp-block-image size-large is-style-twentytwentyone-image-frame\"><img loading=\"lazy\" decoding=\"async\" width=\"768\" height=\"1024\" data-id=\"461\" src=\"https:\/\/lesbainsdetaccana.corsica\/wp-content\/uploads\/2025\/10\/REUNION-1-768x1024.jpg\" alt=\"\" class=\"wp-image-461\" srcset=\"https:\/\/lesbainsdetaccana.corsica\/wp-content\/uploads\/2025\/10\/REUNION-1-768x1024.jpg 768w, https:\/\/lesbainsdetaccana.corsica\/wp-content\/uploads\/2025\/10\/REUNION-1-225x300.jpg 225w, https:\/\/lesbainsdetaccana.corsica\/wp-content\/uploads\/2025\/10\/REUNION-1-1152x1536.jpg 1152w, https:\/\/lesbainsdetaccana.corsica\/wp-content\/uploads\/2025\/10\/REUNION-1-1536x2048.jpg 1536w, https:\/\/lesbainsdetaccana.corsica\/wp-content\/uploads\/2025\/10\/REUNION-1-1568x2091.jpg 1568w, https:\/\/lesbainsdetaccana.corsica\/wp-content\/uploads\/2025\/10\/REUNION-1-scaled.jpg 1920w\" sizes=\"auto, (max-width: 768px) 100vw, 768px\" \/><\/figure>\n\n\n\n<figure class=\"wp-block-image size-large is-style-rounded\"><img loading=\"lazy\" decoding=\"async\" width=\"768\" height=\"1024\" data-id=\"460\" src=\"https:\/\/lesbainsdetaccana.corsica\/wp-content\/uploads\/2025\/10\/IMG_20250219_125337-768x1024.jpg\" alt=\"\" class=\"wp-image-460\" srcset=\"https:\/\/lesbainsdetaccana.corsica\/wp-content\/uploads\/2025\/10\/IMG_20250219_125337-768x1024.jpg 768w, https:\/\/lesbainsdetaccana.corsica\/wp-content\/uploads\/2025\/10\/IMG_20250219_125337-225x300.jpg 225w, https:\/\/lesbainsdetaccana.corsica\/wp-content\/uploads\/2025\/10\/IMG_20250219_125337-1152x1536.jpg 1152w, https:\/\/lesbainsdetaccana.corsica\/wp-content\/uploads\/2025\/10\/IMG_20250219_125337-1536x2048.jpg 1536w, https:\/\/lesbainsdetaccana.corsica\/wp-content\/uploads\/2025\/10\/IMG_20250219_125337-1568x2091.jpg 1568w, https:\/\/lesbainsdetaccana.corsica\/wp-content\/uploads\/2025\/10\/IMG_20250219_125337-scaled.jpg 1920w\" sizes=\"auto, (max-width: 768px) 100vw, 768px\" \/><\/figure>\n\n\n\n<figure class=\"wp-block-image size-large is-style-twentytwentyone-image-frame\"><img loading=\"lazy\" decoding=\"async\" width=\"768\" height=\"1024\" data-id=\"459\" src=\"https:\/\/lesbainsdetaccana.corsica\/wp-content\/uploads\/2025\/10\/IMG_20250219_125432-768x1024.jpg\" alt=\"\" class=\"wp-image-459\" srcset=\"https:\/\/lesbainsdetaccana.corsica\/wp-content\/uploads\/2025\/10\/IMG_20250219_125432-768x1024.jpg 768w, https:\/\/lesbainsdetaccana.corsica\/wp-content\/uploads\/2025\/10\/IMG_20250219_125432-225x300.jpg 225w, https:\/\/lesbainsdetaccana.corsica\/wp-content\/uploads\/2025\/10\/IMG_20250219_125432-1152x1536.jpg 1152w, https:\/\/lesbainsdetaccana.corsica\/wp-content\/uploads\/2025\/10\/IMG_20250219_125432-1536x2048.jpg 1536w, https:\/\/lesbainsdetaccana.corsica\/wp-content\/uploads\/2025\/10\/IMG_20250219_125432-1568x2091.jpg 1568w, https:\/\/lesbainsdetaccana.corsica\/wp-content\/uploads\/2025\/10\/IMG_20250219_125432-scaled.jpg 1920w\" sizes=\"auto, (max-width: 768px) 100vw, 768px\" \/><\/figure>\n<\/figure>\n<\/div>\n","protected":false},"excerpt":{"rendered":"","protected":false},"author":1,"featured_media":0,"parent":0,"menu_order":0,"comment_status":"closed","ping_status":"closed","template":"","meta":{"footnotes":""},"class_list":["post-191","page","type-page","status-publish","hentry"],"_links":{"self":[{"href":"https:\/\/lesbainsdetaccana.corsica\/index.php\/wp-json\/wp\/v2\/pages\/191","targetHints":{"allow":["GET"]}}],"collection":[{"href":"https:\/\/lesbainsdetaccana.corsica\/index.php\/wp-json\/wp\/v2\/pages"}],"about":[{"href":"https:\/\/lesbainsdetaccana.corsica\/index.php\/wp-json\/wp\/v2\/types\/page"}],"author":[{"embeddable":true,"href":"https:\/\/lesbainsdetaccana.corsica\/index.php\/wp-json\/wp\/v2\/users\/1"}],"replies":[{"embeddable":true,"href":"https:\/\/lesbainsdetaccana.corsica\/index.php\/wp-json\/wp\/v2\/comments?post=191"}],"version-history":[{"count":8,"href":"https:\/\/lesbainsdetaccana.corsica\/index.php\/wp-json\/wp\/v2\/pages\/191\/revisions"}],"predecessor-version":[{"id":757,"href":"https:\/\/lesbainsdetaccana.corsica\/index.php\/wp-json\/wp\/v2\/pages\/191\/revisions\/757"}],"wp:attachment":[{"href":"https:\/\/lesbainsdetaccana.corsica\/index.php\/wp-json\/wp\/v2\/media?parent=191"}],"curies":[{"name":"wp","href":"https:\/\/api.w.org\/{rel}","templated":true}]}}