{"id":190,"date":"2025-10-10T19:10:52","date_gmt":"2025-10-10T17:10:52","guid":{"rendered":"https:\/\/lesbainsdetaccana.corsica\/?page_id=190"},"modified":"2025-11-08T17:43:19","modified_gmt":"2025-11-08T16:43:19","slug":"location-saisonniere","status":"publish","type":"page","link":"https:\/\/lesbainsdetaccana.corsica\/index.php\/location-saisonniere\/","title":{"rendered":"Location saisonni\u00e8re de mai \u00e0 octobre"},"content":{"rendered":"\n<figure class=\"wp-block-image aligncenter size-large is-style-twentytwentyone-image-frame\"><img loading=\"lazy\" decoding=\"async\" width=\"696\" height=\"1024\" src=\"https:\/\/lesbainsdetaccana.corsica\/wp-content\/uploads\/2025\/10\/IMG_20250411_152123_edit_301006880333819-696x1024.jpg\" alt=\"\" class=\"wp-image-500\" srcset=\"https:\/\/lesbainsdetaccana.corsica\/wp-content\/uploads\/2025\/10\/IMG_20250411_152123_edit_301006880333819-696x1024.jpg 696w, https:\/\/lesbainsdetaccana.corsica\/wp-content\/uploads\/2025\/10\/IMG_20250411_152123_edit_301006880333819-204x300.jpg 204w, https:\/\/lesbainsdetaccana.corsica\/wp-content\/uploads\/2025\/10\/IMG_20250411_152123_edit_301006880333819-768x1130.jpg 768w, https:\/\/lesbainsdetaccana.corsica\/wp-content\/uploads\/2025\/10\/IMG_20250411_152123_edit_301006880333819-1044x1536.jpg 1044w, https:\/\/lesbainsdetaccana.corsica\/wp-content\/uploads\/2025\/10\/IMG_20250411_152123_edit_301006880333819.jpg 1167w\" sizes=\"auto, (max-width: 696px) 100vw, 696px\" \/><\/figure>\n\n\n\n<div class=\"wp-block-group is-style-twentytwentyone-border has-background has-global-padding is-layout-constrained wp-block-group-is-layout-constrained\" style=\"background-color:#4f8084\">\n<p class=\"has-white-color has-text-color has-link-color wp-elements-27cc8fed5f52cb3ed4c559e1f42a6599\"> <strong>\u00c9vasion et d\u00e9tente en Corse du Sud<\/strong> <strong>de mai \u00e0 septembr<\/strong>e<\/p>\n\n\n\n<p class=\"has-white-color has-text-color has-link-color wp-elements-ae09634f1d1d2e743f477f6cb9913060\">Besoin de vacances entre nature et bien-\u00eatre ? <\/p>\n\n\n\n<p class=\"has-white-color has-text-color has-link-color wp-elements-0d67e0d18ea075b01a70b424bd61e604\">En bord de rivi\u00e8re , notre <strong>appartement climatis\u00e9 <\/strong>pour 2 personnes qui se trouve au sein de notre \u00e9tablissement&nbsp; thermal <strong>Les Bains de Taccana<\/strong>, est fait pour vous !<\/p>\n\n\n\n<p class=\"has-white-color has-text-color has-link-color wp-elements-706f5213a9bad1883b3ba5344520d7d1\">\u2714 <strong>1 chambre<\/strong> avec lit <strong>king size<\/strong> \ud83d\udecf<br>\u2714 <strong>1 chambre<\/strong> avec <strong>lits superpos\u00e9s<\/strong> \ud83d\udecf\ud83d\udecf<br>\u2714 <strong>Cuisine \u00e9quip\u00e9e<\/strong> \ud83c\udf7d<br>\u2714 <strong>TV et Wi-Fi<\/strong> \ud83d\udcf6<br>\u2714 <strong>Acc\u00e8s privil\u00e9gi\u00e9 aux installations du spa \u00e0 tarif pr\u00e9f\u00e9rentiel<\/strong> <\/p>\n\n\n\n<p class=\"has-text-align-center has-white-color has-text-color has-link-color has-medium-font-size wp-elements-77bfb9fa600a47c554f4c99cdcb59877\">Profitez d\u2019un cadre idyllique entre mer et montagnes pour un s\u00e9jour <strong>reposant et ressour\u00e7ant<\/strong>. <\/p>\n<\/div>\n\n\n\n<p> <strong>R\u00e9servez d\u00e8s maintenant !<\/strong><\/p>\n\n\n\n<figure class=\"wp-block-image aligncenter size-large is-resized is-style-twentytwentyone-image-frame\"><img loading=\"lazy\" decoding=\"async\" width=\"1081\" height=\"1081\" src=\"https:\/\/lesbainsdetaccana.corsica\/wp-content\/uploads\/2025\/10\/IMG_20250609_151614-edited.jpg\" alt=\"\" class=\"wp-image-708\" style=\"width:719px;height:auto\" srcset=\"https:\/\/lesbainsdetaccana.corsica\/wp-content\/uploads\/2025\/10\/IMG_20250609_151614-edited.jpg 1081w, https:\/\/lesbainsdetaccana.corsica\/wp-content\/uploads\/2025\/10\/IMG_20250609_151614-edited-300x300.jpg 300w, https:\/\/lesbainsdetaccana.corsica\/wp-content\/uploads\/2025\/10\/IMG_20250609_151614-edited-1024x1024.jpg 1024w, https:\/\/lesbainsdetaccana.corsica\/wp-content\/uploads\/2025\/10\/IMG_20250609_151614-edited-150x150.jpg 150w\" sizes=\"auto, (max-width: 1081px) 100vw, 1081px\" \/><\/figure>\n\n\n\n<figure class=\"wp-block-image aligncenter size-large is-resized is-style-twentytwentyone-image-frame\"><img loading=\"lazy\" decoding=\"async\" width=\"1296\" height=\"1728\" src=\"https:\/\/lesbainsdetaccana.corsica\/wp-content\/uploads\/2025\/11\/IMG_20250310_180320-edited.jpg\" alt=\"\" class=\"wp-image-825\" style=\"width:717px;height:auto\" srcset=\"https:\/\/lesbainsdetaccana.corsica\/wp-content\/uploads\/2025\/11\/IMG_20250310_180320-edited.jpg 1296w, https:\/\/lesbainsdetaccana.corsica\/wp-content\/uploads\/2025\/11\/IMG_20250310_180320-edited-225x300.jpg 225w, https:\/\/lesbainsdetaccana.corsica\/wp-content\/uploads\/2025\/11\/IMG_20250310_180320-edited-768x1024.jpg 768w\" sizes=\"auto, (max-width: 1296px) 100vw, 1296px\" \/><\/figure>\n\n\n\n<p><\/p>\n\n\n\n<div class=\"wp-block-group is-style-twentytwentyone-border has-background has-global-padding is-layout-constrained wp-block-group-is-layout-constrained\" style=\"background-color:#4f8084\">\n<p class=\"has-text-align-center has-white-color has-text-color has-link-color has-medium-font-size wp-elements-d482cc0e4a550bd77f763c95d6637b75\"><strong>Attention <\/strong>:<\/p>\n\n\n\n<p class=\"has-white-color has-text-color has-link-color wp-elements-bb44861eb6759360f00d0d4ed47c8ced\">Le logement est <strong>non fumeur<\/strong>, La restriction d&rsquo;\u00e2ge dans le logement est la m\u00eame que celle de tout l&rsquo;\u00e9tablissement, les enfants sont accueillis \u00e0 partir de 12 ans, et ce pour les m\u00eames raisons de calme et de s\u00e9r\u00e9nit\u00e9 que celles de la fr\u00e9quentation du spa.<\/p>\n\n\n\n<p class=\"has-text-align-center has-white-color has-text-color has-link-color wp-elements-89bb652c60bfb182cd4649b843b39db0\"><strong> Les animaux, m\u00eame petits, ne sont pas accept\u00e9s.<\/strong><\/p>\n<\/div>\n\n\n\n<figure class=\"wp-block-gallery has-nested-images columns-default is-cropped wp-block-gallery-1 is-layout-flex wp-block-gallery-is-layout-flex\">\n<figure class=\"wp-block-image size-large is-style-rounded\"><img loading=\"lazy\" decoding=\"async\" width=\"1024\" height=\"461\" data-id=\"705\" src=\"https:\/\/lesbainsdetaccana.corsica\/wp-content\/uploads\/2025\/10\/1000025299-1024x461.jpg\" alt=\"\" class=\"wp-image-705\" srcset=\"https:\/\/lesbainsdetaccana.corsica\/wp-content\/uploads\/2025\/10\/1000025299-1024x461.jpg 1024w, https:\/\/lesbainsdetaccana.corsica\/wp-content\/uploads\/2025\/10\/1000025299-300x135.jpg 300w, https:\/\/lesbainsdetaccana.corsica\/wp-content\/uploads\/2025\/10\/1000025299-2000x901.jpg 2000w\" sizes=\"auto, (max-width: 1024px) 100vw, 1024px\" \/><\/figure>\n\n\n\n<figure class=\"wp-block-image size-large is-style-rounded\"><img loading=\"lazy\" decoding=\"async\" width=\"1024\" height=\"461\" data-id=\"703\" src=\"https:\/\/lesbainsdetaccana.corsica\/wp-content\/uploads\/2025\/10\/1000025303-1024x461.jpg\" alt=\"\" class=\"wp-image-703\" srcset=\"https:\/\/lesbainsdetaccana.corsica\/wp-content\/uploads\/2025\/10\/1000025303-1024x461.jpg 1024w, https:\/\/lesbainsdetaccana.corsica\/wp-content\/uploads\/2025\/10\/1000025303-300x135.jpg 300w, https:\/\/lesbainsdetaccana.corsica\/wp-content\/uploads\/2025\/10\/1000025303-2000x901.jpg 2000w\" sizes=\"auto, (max-width: 1024px) 100vw, 1024px\" \/><\/figure>\n<\/figure>\n\n\n\n<div class=\"wp-block-contact-form-7-contact-form-selector\">\n<div class=\"wpcf7 no-js\" id=\"wpcf7-f820-o1\" lang=\"fr-FR\" dir=\"ltr\" data-wpcf7-id=\"820\">\n<div class=\"screen-reader-response\"><p role=\"status\" aria-live=\"polite\" aria-atomic=\"true\"><\/p> <ul><\/ul><\/div>\n<form action=\"\/index.php\/wp-json\/wp\/v2\/pages\/190#wpcf7-f820-o1\" method=\"post\" class=\"wpcf7-form init\" aria-label=\"Formulaire de contact\" novalidate=\"novalidate\" data-status=\"init\">\n<fieldset class=\"hidden-fields-container\"><input type=\"hidden\" name=\"_wpcf7\" value=\"820\" \/><input type=\"hidden\" name=\"_wpcf7_version\" value=\"6.1.2\" \/><input type=\"hidden\" name=\"_wpcf7_locale\" value=\"fr_FR\" \/><input type=\"hidden\" name=\"_wpcf7_unit_tag\" value=\"wpcf7-f820-o1\" \/><input type=\"hidden\" name=\"_wpcf7_container_post\" value=\"0\" \/><input type=\"hidden\" name=\"_wpcf7_posted_data_hash\" value=\"\" \/><input type=\"hidden\" name=\"_wpcf7_recaptcha_response\" value=\"\" \/>\n<\/fieldset>\n<p><label> Votre nom<br \/>\n<span class=\"wpcf7-form-control-wrap\" data-name=\"your-name\"><input size=\"40\" maxlength=\"400\" class=\"wpcf7-form-control wpcf7-text wpcf7-validates-as-required\" autocomplete=\"name\" aria-required=\"true\" aria-invalid=\"false\" value=\"\" type=\"text\" name=\"your-name\" \/><\/span> <\/label>\n<\/p>\n<p><label> Votre e-mail<br \/>\n<span class=\"wpcf7-form-control-wrap\" data-name=\"your-email\"><input size=\"40\" maxlength=\"400\" class=\"wpcf7-form-control wpcf7-email wpcf7-validates-as-required wpcf7-text wpcf7-validates-as-email\" autocomplete=\"email\" aria-required=\"true\" aria-invalid=\"false\" value=\"\" type=\"email\" name=\"your-email\" \/><\/span> <\/label>\n<\/p>\n<p><label> Votre t\u00e9l\u00e9phone<br \/>\n<span class=\"wpcf7-form-control-wrap\" data-name=\"your-subject\"><input size=\"40\" maxlength=\"400\" class=\"wpcf7-form-control wpcf7-text wpcf7-validates-as-required\" aria-required=\"true\" aria-invalid=\"false\" value=\"\" type=\"text\" name=\"your-subject\" \/><\/span> <\/label>\n<\/p>\n<p><label> Votre message (Pour toute demande d'information merci de pr\u00e9ciser vos dates, le nombre de personnes, l'\u00e2ge des enfants \u00e9ventuels, le nombre de nuit\u00e9es d\u00e9sir\u00e9es)<br \/>\n<span class=\"wpcf7-form-control-wrap\" data-name=\"your-message\"><textarea cols=\"40\" rows=\"10\" maxlength=\"2000\" class=\"wpcf7-form-control wpcf7-textarea\" aria-invalid=\"false\" name=\"your-message\"><\/textarea><\/span> <\/label>\n<\/p>\n<p><input class=\"wpcf7-form-control wpcf7-submit has-spinner\" type=\"submit\" value=\"Envoyer\" \/>\n<\/p><div class=\"wpcf7-response-output\" aria-hidden=\"true\"><\/div>\n<\/form>\n<\/div>\n<\/div>\n","protected":false},"excerpt":{"rendered":"<p>\u00c9vasion et d\u00e9tente en Corse du Sud de mai \u00e0 septembre Besoin de vacances entre nature et bien-\u00eatre ? En bord de rivi\u00e8re , notre appartement climatis\u00e9 pour 2 personnes qui se trouve au sein de notre \u00e9tablissement&nbsp; thermal Les Bains de Taccana, est fait pour vous ! \u2714 1 chambre avec lit king size &hellip; <\/p>\n<p class=\"link-more\"><a href=\"https:\/\/lesbainsdetaccana.corsica\/index.php\/location-saisonniere\/\" class=\"more-link\">Lire la suite de<span class=\"screen-reader-text\">\u00ab\u00a0Location saisonni\u00e8re de mai \u00e0 octobre\u00a0\u00bb<\/span><\/a><\/p>\n","protected":false},"author":1,"featured_media":0,"parent":0,"menu_order":6,"comment_status":"closed","ping_status":"closed","template":"","meta":{"footnotes":""},"class_list":["post-190","page","type-page","status-publish","hentry"],"_links":{"self":[{"href":"https:\/\/lesbainsdetaccana.corsica\/index.php\/wp-json\/wp\/v2\/pages\/190","targetHints":{"allow":["GET"]}}],"collection":[{"href":"https:\/\/lesbainsdetaccana.corsica\/index.php\/wp-json\/wp\/v2\/pages"}],"about":[{"href":"https:\/\/lesbainsdetaccana.corsica\/index.php\/wp-json\/wp\/v2\/types\/page"}],"author":[{"embeddable":true,"href":"https:\/\/lesbainsdetaccana.corsica\/index.php\/wp-json\/wp\/v2\/users\/1"}],"replies":[{"embeddable":true,"href":"https:\/\/lesbainsdetaccana.corsica\/index.php\/wp-json\/wp\/v2\/comments?post=190"}],"version-history":[{"count":17,"href":"https:\/\/lesbainsdetaccana.corsica\/index.php\/wp-json\/wp\/v2\/pages\/190\/revisions"}],"predecessor-version":[{"id":827,"href":"https:\/\/lesbainsdetaccana.corsica\/index.php\/wp-json\/wp\/v2\/pages\/190\/revisions\/827"}],"wp:attachment":[{"href":"https:\/\/lesbainsdetaccana.corsica\/index.php\/wp-json\/wp\/v2\/media?parent=190"}],"curies":[{"name":"wp","href":"https:\/\/api.w.org\/{rel}","templated":true}]}}