{"id":188,"date":"2025-10-10T19:10:52","date_gmt":"2025-10-10T17:10:52","guid":{"rendered":"https:\/\/lesbainsdetaccana.corsica\/?page_id=188"},"modified":"2026-03-08T14:50:47","modified_gmt":"2026-03-08T13:50:47","slug":"bain-exterieur","status":"publish","type":"page","link":"https:\/\/lesbainsdetaccana.corsica\/index.php\/bain-exterieur\/","title":{"rendered":"Bain ext\u00e9rieur"},"content":{"rendered":"\n<p class=\"has-text-align-center has-background-color has-text-color has-link-color has-large-font-size wp-elements-b19a091c6615d20004735c28acebb819\"><mark style=\"background-color:#546e7a\" class=\"has-inline-color has-white-color\">Accessible de juin \u00e0 septembre<\/mark><\/p>\n\n\n\n<figure class=\"wp-block-image size-large is-style-twentytwentyone-image-frame\"><img loading=\"lazy\" decoding=\"async\" width=\"768\" height=\"1024\" src=\"https:\/\/lesbainsdetaccana.corsica\/wp-content\/uploads\/2025\/10\/FB_IMG_1749156179189-768x1024.jpg\" alt=\"\" class=\"wp-image-508\" style=\"aspect-ratio:4\/3;object-fit:cover\" srcset=\"https:\/\/lesbainsdetaccana.corsica\/wp-content\/uploads\/2025\/10\/FB_IMG_1749156179189-768x1024.jpg 768w, https:\/\/lesbainsdetaccana.corsica\/wp-content\/uploads\/2025\/10\/FB_IMG_1749156179189-225x300.jpg 225w, https:\/\/lesbainsdetaccana.corsica\/wp-content\/uploads\/2025\/10\/FB_IMG_1749156179189-1152x1536.jpg 1152w, https:\/\/lesbainsdetaccana.corsica\/wp-content\/uploads\/2025\/10\/FB_IMG_1749156179189.jpg 1286w\" sizes=\"auto, (max-width: 768px) 100vw, 768px\" \/><\/figure>\n\n\n\n<div class=\"wp-block-group is-style-twentytwentyone-border has-background has-global-padding is-layout-constrained wp-block-group-is-layout-constrained\" style=\"background-color:#789a9cb3\">\n<p class=\"has-text-align-center has-white-color has-text-color has-background has-link-color has-medium-font-size wp-elements-337853e6dcda1546f062db0b403c95f6\" style=\"background-color:#4f8084\"><strong>D\u00e9couvrez les bienfaits uniques de notre eau thermale sulfureuse<\/strong><\/p>\n\n\n\n<p class=\"has-white-color has-text-color has-background has-link-color has-medium-font-size wp-elements-07297240ed71ff8f8d3fea97954b0590\" style=\"background-color:#4f8084\">Offrez \u00e0 votre corps ce qu\u2019il y a de plus naturel et efficace : une eau thermale exceptionnelle naturellement chaude, riche en\u00a0<strong>soufre<\/strong>,\u00a0<strong>magn\u00e9sium<\/strong>, <strong>silices et<\/strong>\u00a0<strong>oligo-\u00e9l\u00e9ments<\/strong>.<\/p>\n\n\n\n<p class=\"has-white-color has-text-color has-background has-link-color has-medium-font-size wp-elements-d2889510b03ec646b853cc401f6a3605\" style=\"background-color:#4f8084\">V\u00e9ritable tr\u00e9sor de bien-\u00eatre, notre eau agit en profondeur pour soulager, apaiser et revitaliser.<\/p>\n\n\n\n<p class=\"has-text-align-center has-white-color has-text-color has-background has-link-color has-medium-font-size wp-elements-212764341e21824ba8f9f81dd0776b44\" style=\"background-color:#4f8084\"><strong>Un concentr\u00e9 naturel de sant\u00e9 et de beaut\u00e9<\/strong><\/p>\n\n\n\n<p class=\"has-white-color has-text-color has-background has-link-color has-medium-font-size wp-elements-dbe952c7152921295c23b91a7e5262a5\" style=\"background-color:#4f8084\">Gr\u00e2ce \u00e0 sa richesse en&nbsp;<strong>soufre<\/strong>, notre eau thermale aide \u00e0 calmer les douleurs articulaires, am\u00e9liorer les probl\u00e8mes de peau  et d\u00e9gager les voies respiratoires. Elle est \u00e9galement id\u00e9ale pour les personnes souffrant de stress ou de fatigue chronique, gr\u00e2ce \u00e0 la pr\u00e9sence apaisante du&nbsp;<strong>magn\u00e9sium<\/strong>.<\/p>\n<\/div>\n\n\n\n<figure class=\"wp-block-gallery has-nested-images columns-default is-cropped wp-block-gallery-1 is-layout-flex wp-block-gallery-is-layout-flex\">\n<figure class=\"wp-block-image size-large is-style-rounded\"><img loading=\"lazy\" decoding=\"async\" width=\"461\" height=\"1024\" data-id=\"242\" src=\"https:\/\/lesbainsdetaccana.corsica\/wp-content\/uploads\/2025\/10\/IMG_20250608_101449-461x1024.jpg\" alt=\"\" class=\"wp-image-242\" srcset=\"https:\/\/lesbainsdetaccana.corsica\/wp-content\/uploads\/2025\/10\/IMG_20250608_101449-461x1024.jpg 461w, https:\/\/lesbainsdetaccana.corsica\/wp-content\/uploads\/2025\/10\/IMG_20250608_101449-135x300.jpg 135w, https:\/\/lesbainsdetaccana.corsica\/wp-content\/uploads\/2025\/10\/IMG_20250608_101449-768x1707.jpg 768w, https:\/\/lesbainsdetaccana.corsica\/wp-content\/uploads\/2025\/10\/IMG_20250608_101449-691x1536.jpg 691w, https:\/\/lesbainsdetaccana.corsica\/wp-content\/uploads\/2025\/10\/IMG_20250608_101449-922x2048.jpg 922w, https:\/\/lesbainsdetaccana.corsica\/wp-content\/uploads\/2025\/10\/IMG_20250608_101449-scaled.jpg 1152w\" sizes=\"auto, (max-width: 461px) 100vw, 461px\" \/><\/figure>\n\n\n\n<figure class=\"wp-block-image size-large is-style-rounded\"><img loading=\"lazy\" decoding=\"async\" width=\"461\" height=\"1024\" data-id=\"261\" src=\"https:\/\/lesbainsdetaccana.corsica\/wp-content\/uploads\/2025\/10\/IMG_20250608_101516-edited-461x1024.jpg\" alt=\"\" class=\"wp-image-261\" srcset=\"https:\/\/lesbainsdetaccana.corsica\/wp-content\/uploads\/2025\/10\/IMG_20250608_101516-edited-461x1024.jpg 461w, https:\/\/lesbainsdetaccana.corsica\/wp-content\/uploads\/2025\/10\/IMG_20250608_101516-edited-135x300.jpg 135w, https:\/\/lesbainsdetaccana.corsica\/wp-content\/uploads\/2025\/10\/IMG_20250608_101516-edited-768x1706.jpg 768w, https:\/\/lesbainsdetaccana.corsica\/wp-content\/uploads\/2025\/10\/IMG_20250608_101516-edited-691x1536.jpg 691w, https:\/\/lesbainsdetaccana.corsica\/wp-content\/uploads\/2025\/10\/IMG_20250608_101516-edited-922x2048.jpg 922w, https:\/\/lesbainsdetaccana.corsica\/wp-content\/uploads\/2025\/10\/IMG_20250608_101516-edited-scaled.jpg 1152w\" sizes=\"auto, (max-width: 461px) 100vw, 461px\" \/><\/figure>\n<\/figure>\n\n\n\n<p class=\"has-text-align-center has-white-color has-text-color has-background has-link-color wp-elements-7a16fe8843ff1b8e5af21694910e869d\" style=\"background-color:#4f8084\"><strong>Un cadre intime et apaisant pour une vraie parenth\u00e8se de bien-\u00eatre<\/strong><\/p>\n\n\n\n<p class=\"has-white-color has-text-color has-background has-link-color wp-elements-4cac1384d7c79d52eaa7aba1e07be5a6\" style=\"background-color:#4f8084\">Notre \u00e9tablissement vous accueille dans une ambiance calme, sereine et \u00e0 taille humaine. Pour pr\u00e9server cette atmosph\u00e8re unique, <strong>nous limitons l\u2019acc\u00e8s \u00e0\u00a0une quinzaine de personnes \u00c0 LA JOURN\u00c9E<\/strong>.                                           Ici, pas de foule ni de bruit \u2013 juste le murmure de l\u2019eau, la douceur de la nature, et du temps pour vous.<\/p>\n\n\n\n<p class=\"has-white-color has-text-color has-background has-link-color wp-elements-3b95cc194ef79890c3e5ffeab4c1743f\" style=\"background-color:#4f8084\"><strong>Les places \u00e9tant limit\u00e9es, pensez \u00e0 r\u00e9server \u00e0 l\u2019avance<\/strong>&nbsp;pour profiter pleinement de cette exp\u00e9rience exclusive \u00e0 la fois&nbsp;<strong>relaxante et r\u00e9paratrice<\/strong>.<\/p>\n\n\n\n<figure class=\"wp-block-gallery has-nested-images columns-default is-cropped wp-block-gallery-2 is-layout-flex wp-block-gallery-is-layout-flex\">\n<figure class=\"wp-block-image size-large is-style-rounded\"><img loading=\"lazy\" decoding=\"async\" width=\"461\" height=\"1024\" data-id=\"407\" src=\"https:\/\/lesbainsdetaccana.corsica\/wp-content\/uploads\/2025\/10\/1000029442-461x1024.jpg\" alt=\"\" class=\"wp-image-407\" srcset=\"https:\/\/lesbainsdetaccana.corsica\/wp-content\/uploads\/2025\/10\/1000029442-461x1024.jpg 461w, https:\/\/lesbainsdetaccana.corsica\/wp-content\/uploads\/2025\/10\/1000029442-135x300.jpg 135w, https:\/\/lesbainsdetaccana.corsica\/wp-content\/uploads\/2025\/10\/1000029442-691x1536.jpg 691w, https:\/\/lesbainsdetaccana.corsica\/wp-content\/uploads\/2025\/10\/1000029442.jpg 720w\" sizes=\"auto, (max-width: 461px) 100vw, 461px\" \/><\/figure>\n\n\n\n<figure class=\"wp-block-image size-large is-style-rounded\"><img loading=\"lazy\" decoding=\"async\" width=\"1024\" height=\"461\" data-id=\"409\" src=\"https:\/\/lesbainsdetaccana.corsica\/wp-content\/uploads\/2025\/10\/1000027408-1024x461.jpg\" alt=\"\" class=\"wp-image-409\" srcset=\"https:\/\/lesbainsdetaccana.corsica\/wp-content\/uploads\/2025\/10\/1000027408-1024x461.jpg 1024w, https:\/\/lesbainsdetaccana.corsica\/wp-content\/uploads\/2025\/10\/1000027408-300x135.jpg 300w, https:\/\/lesbainsdetaccana.corsica\/wp-content\/uploads\/2025\/10\/1000027408-768x346.jpg 768w, https:\/\/lesbainsdetaccana.corsica\/wp-content\/uploads\/2025\/10\/1000027408-1536x691.jpg 1536w, https:\/\/lesbainsdetaccana.corsica\/wp-content\/uploads\/2025\/10\/1000027408-2048x922.jpg 2048w, https:\/\/lesbainsdetaccana.corsica\/wp-content\/uploads\/2025\/10\/1000027408-1568x706.jpg 1568w\" sizes=\"auto, (max-width: 1024px) 100vw, 1024px\" \/><\/figure>\n\n\n\n<figure class=\"wp-block-image size-large is-style-rounded\"><img loading=\"lazy\" decoding=\"async\" width=\"461\" height=\"1024\" data-id=\"406\" src=\"https:\/\/lesbainsdetaccana.corsica\/wp-content\/uploads\/2025\/10\/1000026987-461x1024.jpg\" alt=\"\" class=\"wp-image-406\" srcset=\"https:\/\/lesbainsdetaccana.corsica\/wp-content\/uploads\/2025\/10\/1000026987-461x1024.jpg 461w, https:\/\/lesbainsdetaccana.corsica\/wp-content\/uploads\/2025\/10\/1000026987-135x300.jpg 135w, https:\/\/lesbainsdetaccana.corsica\/wp-content\/uploads\/2025\/10\/1000026987-691x1536.jpg 691w, https:\/\/lesbainsdetaccana.corsica\/wp-content\/uploads\/2025\/10\/1000026987.jpg 720w\" sizes=\"auto, (max-width: 461px) 100vw, 461px\" \/><\/figure>\n\n\n\n<figure class=\"wp-block-image size-large is-style-rounded\"><img loading=\"lazy\" decoding=\"async\" width=\"461\" height=\"1024\" data-id=\"410\" src=\"https:\/\/lesbainsdetaccana.corsica\/wp-content\/uploads\/2025\/10\/1000026991-461x1024.jpg\" alt=\"\" class=\"wp-image-410\" srcset=\"https:\/\/lesbainsdetaccana.corsica\/wp-content\/uploads\/2025\/10\/1000026991-461x1024.jpg 461w, https:\/\/lesbainsdetaccana.corsica\/wp-content\/uploads\/2025\/10\/1000026991-135x300.jpg 135w, https:\/\/lesbainsdetaccana.corsica\/wp-content\/uploads\/2025\/10\/1000026991-768x1707.jpg 768w, https:\/\/lesbainsdetaccana.corsica\/wp-content\/uploads\/2025\/10\/1000026991-691x1536.jpg 691w, https:\/\/lesbainsdetaccana.corsica\/wp-content\/uploads\/2025\/10\/1000026991-922x2048.jpg 922w, https:\/\/lesbainsdetaccana.corsica\/wp-content\/uploads\/2025\/10\/1000026991-1568x3484.jpg 1568w, https:\/\/lesbainsdetaccana.corsica\/wp-content\/uploads\/2025\/10\/1000026991-scaled.jpg 1152w\" sizes=\"auto, (max-width: 461px) 100vw, 461px\" \/><\/figure>\n\n\n\n<figure class=\"wp-block-image size-large is-style-rounded\"><img loading=\"lazy\" decoding=\"async\" width=\"768\" height=\"1024\" data-id=\"408\" src=\"https:\/\/lesbainsdetaccana.corsica\/wp-content\/uploads\/2025\/10\/1000026990-768x1024.jpg\" alt=\"\" class=\"wp-image-408\" srcset=\"https:\/\/lesbainsdetaccana.corsica\/wp-content\/uploads\/2025\/10\/1000026990-768x1024.jpg 768w, https:\/\/lesbainsdetaccana.corsica\/wp-content\/uploads\/2025\/10\/1000026990-225x300.jpg 225w, https:\/\/lesbainsdetaccana.corsica\/wp-content\/uploads\/2025\/10\/1000026990-1152x1536.jpg 1152w, https:\/\/lesbainsdetaccana.corsica\/wp-content\/uploads\/2025\/10\/1000026990.jpg 1512w\" sizes=\"auto, (max-width: 768px) 100vw, 768px\" \/><\/figure>\n<\/figure>\n","protected":false},"excerpt":{"rendered":"<p>Accessible de juin \u00e0 septembre D\u00e9couvrez les bienfaits uniques de notre eau thermale sulfureuse Offrez \u00e0 votre corps ce qu\u2019il y a de plus naturel et efficace : une eau thermale exceptionnelle naturellement chaude, riche en\u00a0soufre,\u00a0magn\u00e9sium, silices et\u00a0oligo-\u00e9l\u00e9ments. V\u00e9ritable tr\u00e9sor de bien-\u00eatre, notre eau agit en profondeur pour soulager, apaiser et revitaliser. Un concentr\u00e9 naturel &hellip; <\/p>\n<p class=\"link-more\"><a href=\"https:\/\/lesbainsdetaccana.corsica\/index.php\/bain-exterieur\/\" class=\"more-link\">Lire la suite de<span class=\"screen-reader-text\">\u00ab\u00a0Bain ext\u00e9rieur\u00a0\u00bb<\/span><\/a><\/p>\n","protected":false},"author":1,"featured_media":0,"parent":0,"menu_order":0,"comment_status":"closed","ping_status":"closed","template":"","meta":{"footnotes":""},"class_list":["post-188","page","type-page","status-publish","hentry"],"_links":{"self":[{"href":"https:\/\/lesbainsdetaccana.corsica\/index.php\/wp-json\/wp\/v2\/pages\/188","targetHints":{"allow":["GET"]}}],"collection":[{"href":"https:\/\/lesbainsdetaccana.corsica\/index.php\/wp-json\/wp\/v2\/pages"}],"about":[{"href":"https:\/\/lesbainsdetaccana.corsica\/index.php\/wp-json\/wp\/v2\/types\/page"}],"author":[{"embeddable":true,"href":"https:\/\/lesbainsdetaccana.corsica\/index.php\/wp-json\/wp\/v2\/users\/1"}],"replies":[{"embeddable":true,"href":"https:\/\/lesbainsdetaccana.corsica\/index.php\/wp-json\/wp\/v2\/comments?post=188"}],"version-history":[{"count":19,"href":"https:\/\/lesbainsdetaccana.corsica\/index.php\/wp-json\/wp\/v2\/pages\/188\/revisions"}],"predecessor-version":[{"id":913,"href":"https:\/\/lesbainsdetaccana.corsica\/index.php\/wp-json\/wp\/v2\/pages\/188\/revisions\/913"}],"wp:attachment":[{"href":"https:\/\/lesbainsdetaccana.corsica\/index.php\/wp-json\/wp\/v2\/media?parent=188"}],"curies":[{"name":"wp","href":"https:\/\/api.w.org\/{rel}","templated":true}]}}