{"id":186,"date":"2025-10-10T19:10:52","date_gmt":"2025-10-10T17:10:52","guid":{"rendered":"https:\/\/lesbainsdetaccana.corsica\/?page_id=186"},"modified":"2025-10-30T10:02:47","modified_gmt":"2025-10-30T09:02:47","slug":"bains-genois","status":"publish","type":"page","link":"https:\/\/lesbainsdetaccana.corsica\/index.php\/bains-genois\/","title":{"rendered":"Bains G\u00e9nois (en int\u00e9rieur)"},"content":{"rendered":"\n<p class=\"has-text-align-center has-yellow-color has-text-color has-link-color has-medium-font-size wp-elements-724c05c5da8168922b38101827b9ea23\"><mark style=\"background-color:#39414D\" class=\"has-inline-color has-white-color\">Accessibles toute l&rsquo;ann\u00e9e<\/mark><\/p>\n\n\n\n<h2 class=\"wp-block-heading has-text-align-center\"><strong>Une source naturelle aux multiples bienfaits<\/strong><\/h2>\n\n\n\n<div class=\"wp-block-media-text is-stacked-on-mobile is-style-twentytwentyone-border has-background\" style=\"border-width:2px;border-radius:0px;background-color:#789a9ced;grid-template-columns:39% auto\"><figure class=\"wp-block-media-text__media\"><img loading=\"lazy\" decoding=\"async\" width=\"768\" height=\"1024\" src=\"https:\/\/lesbainsdetaccana.corsica\/wp-content\/uploads\/2025\/10\/BAIN-INT-edited-1-768x1024.jpg\" alt=\"\" class=\"wp-image-253 size-full\" srcset=\"https:\/\/lesbainsdetaccana.corsica\/wp-content\/uploads\/2025\/10\/BAIN-INT-edited-1-768x1024.jpg 768w, https:\/\/lesbainsdetaccana.corsica\/wp-content\/uploads\/2025\/10\/BAIN-INT-edited-1-225x300.jpg 225w, https:\/\/lesbainsdetaccana.corsica\/wp-content\/uploads\/2025\/10\/BAIN-INT-edited-1-1152x1536.jpg 1152w, https:\/\/lesbainsdetaccana.corsica\/wp-content\/uploads\/2025\/10\/BAIN-INT-edited-1-1536x2048.jpg 1536w, https:\/\/lesbainsdetaccana.corsica\/wp-content\/uploads\/2025\/10\/BAIN-INT-edited-1-1568x2091.jpg 1568w, https:\/\/lesbainsdetaccana.corsica\/wp-content\/uploads\/2025\/10\/BAIN-INT-edited-1-scaled.jpg 1920w\" sizes=\"auto, (max-width: 768px) 100vw, 768px\" \/><\/figure><div class=\"wp-block-media-text__content\">\n<p class=\"has-white-color has-text-color has-background has-link-color wp-elements-37088ea25c1405093e7926b02189fde9\" style=\"background-color:#4f8084\">Le&nbsp;<strong>soufre<\/strong>, principal composant de notre eau, est connu pour ses propri\u00e9t\u00e9s&nbsp;<strong>anti-inflammatoires<\/strong>,&nbsp; <strong>antibact\u00e9riennes<\/strong>&nbsp;et&nbsp;<strong>cicatrisantes<\/strong>.<\/p>\n\n\n\n<p class=\"has-white-color has-text-color has-background has-link-color wp-elements-b5b06c725af9f9a12578f1ed1d5520e1\" style=\"background-color:#4f8084\">Il est particuli\u00e8rement b\u00e9n\u00e9fique pour la peau, les voies respiratoires et les articulations. Il aide \u00e0 apaiser les douleurs li\u00e9es aux rhumatismes, soulage les affections dermatologiques comme l\u2019ecz\u00e9ma ou le psoriasis, et am\u00e9liore le confort respiratoire en cas de bronchite ou d\u2019asthme.<\/p>\n<\/div><\/div>\n\n\n\n<div class=\"wp-block-media-text has-media-on-the-right is-stacked-on-mobile is-style-twentytwentyone-border has-background\" style=\"border-width:2px;border-radius:0px;background-color:#789a9ced;margin-top:0;margin-bottom:0;padding-top:0;padding-bottom:0;grid-template-columns:auto 39%\"><div class=\"wp-block-media-text__content\">\n<p class=\"has-white-color has-text-color has-background has-link-color wp-elements-48ecf4e2be8c135f8bb95ab901096a70\" style=\"background-color:#4f8084\">Le&nbsp;<strong>magn\u00e9sium<\/strong>, quant \u00e0 lui, contribue \u00e0 d\u00e9tendre les muscles, \u00e0 r\u00e9duire le stress et \u00e0 favoriser un bon \u00e9quilibre nerveux. Combin\u00e9 aux&nbsp;<strong>oligo-\u00e9l\u00e9ments<\/strong>&nbsp;pr\u00e9sents dans notre eau, il agit en synergie pour revitaliser l\u2019organisme et renforcer ses d\u00e9fenses naturelles.<\/p>\n<\/div><figure class=\"wp-block-media-text__media\"><img loading=\"lazy\" decoding=\"async\" width=\"873\" height=\"1024\" src=\"https:\/\/lesbainsdetaccana.corsica\/wp-content\/uploads\/2025\/10\/bain-2-873x1024.jpg\" alt=\"\" class=\"wp-image-808 size-medium\" srcset=\"https:\/\/lesbainsdetaccana.corsica\/wp-content\/uploads\/2025\/10\/bain-2-873x1024.jpg 873w, https:\/\/lesbainsdetaccana.corsica\/wp-content\/uploads\/2025\/10\/bain-2-256x300.jpg 256w, https:\/\/lesbainsdetaccana.corsica\/wp-content\/uploads\/2025\/10\/bain-2.jpg 1282w\" sizes=\"auto, (max-width: 873px) 100vw, 873px\" \/><\/figure><\/div>\n","protected":false},"excerpt":{"rendered":"<p>Accessibles toute l&rsquo;ann\u00e9e Une source naturelle aux multiples bienfaits Le&nbsp;soufre, principal composant de notre eau, est connu pour ses propri\u00e9t\u00e9s&nbsp;anti-inflammatoires,&nbsp; antibact\u00e9riennes&nbsp;et&nbsp;cicatrisantes. Il est particuli\u00e8rement b\u00e9n\u00e9fique pour la peau, les voies respiratoires et les articulations. Il aide \u00e0 apaiser les douleurs li\u00e9es aux rhumatismes, soulage les affections dermatologiques comme l\u2019ecz\u00e9ma ou le psoriasis, et am\u00e9liore le &hellip; <\/p>\n<p class=\"link-more\"><a href=\"https:\/\/lesbainsdetaccana.corsica\/index.php\/bains-genois\/\" class=\"more-link\">Lire la suite de<span class=\"screen-reader-text\">\u00ab\u00a0Bains G\u00e9nois (en int\u00e9rieur)\u00a0\u00bb<\/span><\/a><\/p>\n","protected":false},"author":1,"featured_media":0,"parent":0,"menu_order":0,"comment_status":"closed","ping_status":"closed","template":"","meta":{"footnotes":""},"class_list":["post-186","page","type-page","status-publish","hentry"],"_links":{"self":[{"href":"https:\/\/lesbainsdetaccana.corsica\/index.php\/wp-json\/wp\/v2\/pages\/186","targetHints":{"allow":["GET"]}}],"collection":[{"href":"https:\/\/lesbainsdetaccana.corsica\/index.php\/wp-json\/wp\/v2\/pages"}],"about":[{"href":"https:\/\/lesbainsdetaccana.corsica\/index.php\/wp-json\/wp\/v2\/types\/page"}],"author":[{"embeddable":true,"href":"https:\/\/lesbainsdetaccana.corsica\/index.php\/wp-json\/wp\/v2\/users\/1"}],"replies":[{"embeddable":true,"href":"https:\/\/lesbainsdetaccana.corsica\/index.php\/wp-json\/wp\/v2\/comments?post=186"}],"version-history":[{"count":26,"href":"https:\/\/lesbainsdetaccana.corsica\/index.php\/wp-json\/wp\/v2\/pages\/186\/revisions"}],"predecessor-version":[{"id":810,"href":"https:\/\/lesbainsdetaccana.corsica\/index.php\/wp-json\/wp\/v2\/pages\/186\/revisions\/810"}],"wp:attachment":[{"href":"https:\/\/lesbainsdetaccana.corsica\/index.php\/wp-json\/wp\/v2\/media?parent=186"}],"curies":[{"name":"wp","href":"https:\/\/api.w.org\/{rel}","templated":true}]}}