{"id":185,"date":"2025-10-10T19:10:52","date_gmt":"2025-10-10T17:10:52","guid":{"rendered":"https:\/\/lesbainsdetaccana.corsica\/?page_id=185"},"modified":"2025-10-21T20:56:35","modified_gmt":"2025-10-21T18:56:35","slug":"massages","status":"publish","type":"page","link":"https:\/\/lesbainsdetaccana.corsica\/index.php\/massages\/","title":{"rendered":"Massages"},"content":{"rendered":"\n<div class=\"wp-block-group alignwide is-content-justification-center is-layout-flex wp-container-core-group-is-layout-b02886af wp-block-group-is-layout-flex\">\n<div class=\"wp-block-columns alignfull is-layout-flex wp-container-core-columns-is-layout-28f84493 wp-block-columns-is-layout-flex\">\n<div class=\"wp-block-column has-global-padding is-layout-constrained wp-block-column-is-layout-constrained\" style=\"flex-basis:100%\">\n<h5 class=\"wp-block-heading alignfull has-text-align-center has-white-color has-secondary-background-color has-text-color has-background has-link-color has-medium-font-size wp-elements-3e8d90d6097904385d32dca0ffc57150\">Quoi de plus naturel que de terminer votre parcours bien-\u00eatre par un massage sur mesure ?<\/h5>\n<\/div>\n<\/div>\n<\/div>\n\n\n\n<div class=\"wp-block-media-text is-stacked-on-mobile is-style-twentytwentyone-border has-background\" style=\"background-color:#aa867bb8\"><figure class=\"wp-block-media-text__media\"><img loading=\"lazy\" decoding=\"async\" width=\"300\" height=\"168\" src=\"https:\/\/lesbainsdetaccana.corsica\/wp-content\/uploads\/2025\/10\/massage.jpg\" alt=\"\" class=\"wp-image-62 size-full\"\/><\/figure><div class=\"wp-block-media-text__content\">\n<p class=\"has-text-align-center has-white-color has-text-color has-link-color has-medium-font-size wp-elements-67b1c5cde8f6efb10e6348d85546b8ee\">Vous cherchez une d\u00e9tente profonde et un l\u00e2cher prise r\u00e9parateur ? <\/p>\n\n\n\n<p class=\"has-text-align-center has-white-color has-text-color has-link-color has-medium-font-size wp-elements-827741e877f3e6a3b2b3ddcde9f061ca\">Notre massage signature, Le<strong><mark style=\"background-color:#546e7a\" class=\"has-inline-color\"> MIX MASSAGES 1h<\/mark><\/strong> viendra \u00e0 bout de vos tensions .<\/p>\n<\/div><\/div>\n\n\n\n<p><\/p>\n\n\n\n<div class=\"wp-block-cover is-light is-style-twentytwentyone-border\"><img loading=\"lazy\" decoding=\"async\" width=\"2560\" height=\"2560\" class=\"wp-block-cover__image-background wp-image-415 size-full\" alt=\"\" src=\"https:\/\/lesbainsdetaccana.corsica\/wp-content\/uploads\/2025\/10\/mass1-scaled.jpg\" style=\"object-position:39% 85%\" data-object-fit=\"cover\" data-object-position=\"39% 85%\" srcset=\"https:\/\/lesbainsdetaccana.corsica\/wp-content\/uploads\/2025\/10\/mass1-scaled.jpg 2560w, https:\/\/lesbainsdetaccana.corsica\/wp-content\/uploads\/2025\/10\/mass1-300x300.jpg 300w, https:\/\/lesbainsdetaccana.corsica\/wp-content\/uploads\/2025\/10\/mass1-1024x1024.jpg 1024w, https:\/\/lesbainsdetaccana.corsica\/wp-content\/uploads\/2025\/10\/mass1-150x150.jpg 150w, https:\/\/lesbainsdetaccana.corsica\/wp-content\/uploads\/2025\/10\/mass1-768x768.jpg 768w, https:\/\/lesbainsdetaccana.corsica\/wp-content\/uploads\/2025\/10\/mass1-1536x1536.jpg 1536w, https:\/\/lesbainsdetaccana.corsica\/wp-content\/uploads\/2025\/10\/mass1-2048x2048.jpg 2048w, https:\/\/lesbainsdetaccana.corsica\/wp-content\/uploads\/2025\/10\/mass1-1568x1568.jpg 1568w\" sizes=\"auto, (max-width: 2560px) 100vw, 2560px\" \/><span aria-hidden=\"true\" class=\"wp-block-cover__background has-background-dim\" style=\"background-color:#70564e\"><\/span><div class=\"wp-block-cover__inner-container is-layout-flow wp-block-cover-is-layout-flow\">\n<p class=\"has-white-color has-text-color has-link-color has-medium-font-size wp-elements-19a224d534d5acc2acd894fb49ddcf96\">Il combine une dizaine de techniques diff\u00e9rentes (dont le tha\u00eflandais, su\u00e9dois, lomi-lomi, r\u00e9flexologie plantaire, Deep tissue, californien, drainage lymphatique ..).<\/p>\n\n\n\n<p class=\"has-white-color has-text-color has-link-color has-medium-font-size wp-elements-a4a9711ccd3fc8f7ea037c7f2078af23\"> Nous l&rsquo;adaptons \u00e0 toutes les morphologies et tous les \u00e2ges pour prodiguer un soin du corps \u00e0 la fois doux, fluide, enveloppant et puissant<\/p>\n<\/div><\/div>\n\n\n\n<p><\/p>\n\n\n\n<div class=\"wp-block-media-text is-stacked-on-mobile is-style-twentytwentyone-border has-background\" style=\"background-color:#aa867bb8;grid-template-columns:36% auto\"><figure class=\"wp-block-media-text__media\"><img loading=\"lazy\" decoding=\"async\" width=\"905\" height=\"443\" src=\"https:\/\/lesbainsdetaccana.corsica\/wp-content\/uploads\/2025\/10\/massagedesjambeslourdes-1.webp\" alt=\"\" class=\"wp-image-417 size-full\" srcset=\"https:\/\/lesbainsdetaccana.corsica\/wp-content\/uploads\/2025\/10\/massagedesjambeslourdes-1.webp 905w, https:\/\/lesbainsdetaccana.corsica\/wp-content\/uploads\/2025\/10\/massagedesjambeslourdes-1-300x147.webp 300w, https:\/\/lesbainsdetaccana.corsica\/wp-content\/uploads\/2025\/10\/massagedesjambeslourdes-1-768x376.webp 768w\" sizes=\"auto, (max-width: 905px) 100vw, 905px\" \/><\/figure><div class=\"wp-block-media-text__content\">\n<p class=\"has-text-align-center has-white-color has-text-color has-link-color has-medium-font-size wp-elements-c634caae9253f47e18634553016416b4\">Besoin d&rsquo;insister sur une zone en particulier ? <\/p>\n\n\n\n<p class=\"has-text-align-center has-white-color has-text-color has-link-color has-medium-font-size wp-elements-54b809523a00b2b4ad4a3966410ac27c\">le <strong><mark style=\"background-color:#546e7a\" class=\"has-inline-color\">MIX MASSAGES 30min<\/mark><\/strong> sera votre choix privil\u00e9gi\u00e9.<\/p>\n<\/div><\/div>\n\n\n\n<p><\/p>\n\n\n\n<div class=\"wp-block-media-text has-media-on-the-right is-stacked-on-mobile is-style-twentytwentyone-border has-background\" style=\"background-color:#aa867bb8;grid-template-columns:auto 36%\"><div class=\"wp-block-media-text__content\">\n<p class=\"has-text-align-center has-white-color has-text-color has-link-color has-medium-font-size wp-elements-fa3d56290edd6238e2b5767c7262c399\">Une r\u00e9tention d&rsquo;eau et\/ou des zones graisseuses disgracieuses ?<\/p>\n\n\n\n<p class=\"has-text-align-center has-white-color has-text-color has-link-color has-medium-font-size wp-elements-afd38413a627ca05faec29f73cc4f699\">Le <strong><mark style=\"background-color:#546e7a\" class=\"has-inline-color\">DRAINAGE LYMPHATIQUE<\/mark><\/strong> combin\u00e9 \u00e0 la <strong><mark style=\"background-color:#546e7a\" class=\"has-inline-color\">MADEROTHERAPIE<\/mark><\/strong>vous comblera de satisfaction. <\/p>\n\n\n\n<p class=\"has-text-align-center has-white-color has-text-color has-link-color has-medium-font-size wp-elements-a2edd04292561fe6ab5a5668c52481bd\">A faire en cure de 5 ou 10 s\u00e9ances pour une efficacit\u00e9 durable.<\/p>\n<\/div><figure class=\"wp-block-media-text__media\"><img loading=\"lazy\" decoding=\"async\" width=\"400\" height=\"400\" src=\"https:\/\/lesbainsdetaccana.corsica\/wp-content\/uploads\/2025\/10\/maderotherapie-institut.jpg\" alt=\"\" class=\"wp-image-233 size-full\" srcset=\"https:\/\/lesbainsdetaccana.corsica\/wp-content\/uploads\/2025\/10\/maderotherapie-institut.jpg 400w, https:\/\/lesbainsdetaccana.corsica\/wp-content\/uploads\/2025\/10\/maderotherapie-institut-300x300.jpg 300w, https:\/\/lesbainsdetaccana.corsica\/wp-content\/uploads\/2025\/10\/maderotherapie-institut-150x150.jpg 150w, https:\/\/lesbainsdetaccana.corsica\/wp-content\/uploads\/2025\/10\/maderotherapie-institut-100x100.jpg 100w\" sizes=\"auto, (max-width: 400px) 100vw, 400px\" \/><\/figure><\/div>\n\n\n\n<div class=\"wp-block-group has-global-padding is-layout-constrained wp-block-group-is-layout-constrained\">\n<div class=\"wp-block-media-text is-stacked-on-mobile is-style-twentytwentyone-border has-background\" style=\"background-color:#aa867bb8;grid-template-columns:23% auto\"><figure class=\"wp-block-media-text__media\"><img loading=\"lazy\" decoding=\"async\" width=\"150\" height=\"150\" src=\"https:\/\/lesbainsdetaccana.corsica\/wp-content\/uploads\/2025\/10\/massagekobido-150x150.jpg\" alt=\"\" class=\"wp-image-418 size-full\"\/><\/figure><div class=\"wp-block-media-text__content\">\n<p class=\"has-text-align-center has-white-color has-text-color has-link-color has-medium-font-size wp-elements-c58902853c60e7fa05d46ba37470627f\"><br>Vous pr\u00e9f\u00e9rez un massage facial drainant et liftant ?<\/p>\n\n\n\n<p class=\"has-text-align-center has-white-color has-text-color has-link-color has-medium-font-size wp-elements-b2742b10b6f5840bd31609daa27e13b7\"> Vivez l&rsquo;exp\u00e9rience <mark style=\"background-color:#546e7a\" class=\"has-inline-color has-primary-color\"><strong>KOBIDO<\/strong><\/mark>, Une technique ancestrale Japonaise autrefois r\u00e9serv\u00e9e aux imp\u00e9ratrices.<\/p>\n<\/div><\/div>\n<\/div>\n\n\n\n<div class=\"wp-block-media-text has-media-on-the-right is-stacked-on-mobile is-style-twentytwentyone-border has-background\" style=\"background-color:#aa867bb8;grid-template-columns:auto 35%\"><div class=\"wp-block-media-text__content\">\n<p class=\"has-text-align-center has-white-color has-text-color has-link-color has-medium-font-size wp-elements-fb82c77bcddff1c4c956788bbecb5ddc\">Une envie d&rsquo;Asie ?<\/p>\n\n\n\n<p class=\"has-text-align-center has-white-color has-text-color has-link-color has-medium-font-size wp-elements-cc0d017fcb4b6f08cf135fd964154554\">Avec la <strong><mark style=\"background-color:#546e7a\" class=\"has-inline-color\">REFLEXOLOGIE PLANTAIRE<\/mark><\/strong> chinoise <strong>chaque zone r\u00e9flexe correspond \u00e0 un organe<\/strong>&nbsp;ou une partie du corps qui se projette sur la plante des pieds. <\/p>\n\n\n\n<p class=\"has-text-align-center has-white-color has-text-color has-link-color has-medium-font-size wp-elements-dbdc385e892cb7260377883f440acf40\">Il suffit alors d\u2019un toucher sp\u00e9cifique pour localiser les tensions et les d\u00e9bloquer.<\/p>\n<\/div><figure class=\"wp-block-media-text__media\"><img loading=\"lazy\" decoding=\"async\" width=\"900\" height=\"900\" src=\"https:\/\/lesbainsdetaccana.corsica\/wp-content\/uploads\/2025\/10\/reflexo.jpg\" alt=\"\" class=\"wp-image-423 size-full\" srcset=\"https:\/\/lesbainsdetaccana.corsica\/wp-content\/uploads\/2025\/10\/reflexo.jpg 900w, https:\/\/lesbainsdetaccana.corsica\/wp-content\/uploads\/2025\/10\/reflexo-300x300.jpg 300w, https:\/\/lesbainsdetaccana.corsica\/wp-content\/uploads\/2025\/10\/reflexo-150x150.jpg 150w, https:\/\/lesbainsdetaccana.corsica\/wp-content\/uploads\/2025\/10\/reflexo-768x768.jpg 768w\" sizes=\"auto, (max-width: 900px) 100vw, 900px\" \/><\/figure><\/div>\n\n\n\n<p><\/p>\n\n\n\n<figure class=\"wp-block-image aligncenter size-large is-style-twentytwentyone-image-frame\"><img loading=\"lazy\" decoding=\"async\" width=\"576\" height=\"1024\" src=\"https:\/\/lesbainsdetaccana.corsica\/wp-content\/uploads\/2025\/10\/TArifs-576x1024.jpg\" alt=\"\" class=\"wp-image-422\" srcset=\"https:\/\/lesbainsdetaccana.corsica\/wp-content\/uploads\/2025\/10\/TArifs-576x1024.jpg 576w, https:\/\/lesbainsdetaccana.corsica\/wp-content\/uploads\/2025\/10\/TArifs-169x300.jpg 169w, https:\/\/lesbainsdetaccana.corsica\/wp-content\/uploads\/2025\/10\/TArifs-768x1365.jpg 768w, https:\/\/lesbainsdetaccana.corsica\/wp-content\/uploads\/2025\/10\/TArifs-864x1536.jpg 864w, https:\/\/lesbainsdetaccana.corsica\/wp-content\/uploads\/2025\/10\/TArifs.jpg 1080w\" sizes=\"auto, (max-width: 576px) 100vw, 576px\" \/><\/figure>\n","protected":false},"excerpt":{"rendered":"<p>Quoi de plus naturel que de terminer votre parcours bien-\u00eatre par un massage sur mesure ? Vous cherchez une d\u00e9tente profonde et un l\u00e2cher prise r\u00e9parateur ? Notre massage signature, Le MIX MASSAGES 1h viendra \u00e0 bout de vos tensions . Besoin d&rsquo;insister sur une zone en particulier ? le MIX MASSAGES 30min sera votre &hellip; <\/p>\n<p class=\"link-more\"><a href=\"https:\/\/lesbainsdetaccana.corsica\/index.php\/massages\/\" class=\"more-link\">Lire la suite de<span class=\"screen-reader-text\">\u00ab\u00a0Massages\u00a0\u00bb<\/span><\/a><\/p>\n","protected":false},"author":1,"featured_media":0,"parent":0,"menu_order":0,"comment_status":"closed","ping_status":"closed","template":"","meta":{"footnotes":""},"class_list":["post-185","page","type-page","status-publish","hentry"],"_links":{"self":[{"href":"https:\/\/lesbainsdetaccana.corsica\/index.php\/wp-json\/wp\/v2\/pages\/185","targetHints":{"allow":["GET"]}}],"collection":[{"href":"https:\/\/lesbainsdetaccana.corsica\/index.php\/wp-json\/wp\/v2\/pages"}],"about":[{"href":"https:\/\/lesbainsdetaccana.corsica\/index.php\/wp-json\/wp\/v2\/types\/page"}],"author":[{"embeddable":true,"href":"https:\/\/lesbainsdetaccana.corsica\/index.php\/wp-json\/wp\/v2\/users\/1"}],"replies":[{"embeddable":true,"href":"https:\/\/lesbainsdetaccana.corsica\/index.php\/wp-json\/wp\/v2\/comments?post=185"}],"version-history":[{"count":39,"href":"https:\/\/lesbainsdetaccana.corsica\/index.php\/wp-json\/wp\/v2\/pages\/185\/revisions"}],"predecessor-version":[{"id":777,"href":"https:\/\/lesbainsdetaccana.corsica\/index.php\/wp-json\/wp\/v2\/pages\/185\/revisions\/777"}],"wp:attachment":[{"href":"https:\/\/lesbainsdetaccana.corsica\/index.php\/wp-json\/wp\/v2\/media?parent=185"}],"curies":[{"name":"wp","href":"https:\/\/api.w.org\/{rel}","templated":true}]}}